{"id":1398,"date":"2024-02-22T12:46:39","date_gmt":"2024-02-22T12:46:39","guid":{"rendered":"https:\/\/summerdreamsailing.com\/?page_id=1398"},"modified":"2024-03-01T13:47:57","modified_gmt":"2024-03-01T13:47:57","slug":"wenecja","status":"publish","type":"page","link":"https:\/\/summerdreamsailing.pl\/index.php\/wenecja\/","title":{"rendered":"Wenecja"},"content":{"rendered":"<style>.kb-row-layout-id1398_4b2ee2-ed > .kt-row-column-wrap{align-content:start;}:where(.kb-row-layout-id1398_4b2ee2-ed > .kt-row-column-wrap) > .wp-block-kadence-column{justify-content:start;}.kb-row-layout-id1398_4b2ee2-ed > .kt-row-column-wrap{column-gap:var(--global-kb-gap-md, 2rem);row-gap:var(--global-kb-gap-md, 2rem);max-width:700px;margin-left:auto;margin-right:auto;padding-top:var(--global-kb-spacing-5xl, 10rem);padding-bottom:var(--global-kb-spacing-xxl, 5rem);grid-template-columns:minmax(0, 1fr);}.kb-row-layout-id1398_4b2ee2-ed{background-image:url('https:\/\/summerdreamsailing.pl\/wp-content\/uploads\/2024\/03\/wenecja_02_depo_opt_mid-scaled.jpg');background-size:cover;background-position:50% 55.00000000000001%;background-attachment:scroll;background-repeat:no-repeat;}.kb-row-layout-id1398_4b2ee2-ed > .kt-row-layout-overlay{opacity:1;background-color:rgba(0, 0, 0, 0);background-image:url('https:\/\/summerdreamsailing.pl\/wp-content\/uploads\/2024\/03\/ocean_wave_01_white_wave_up.png');background-size:contain;background-position:50% 100%;background-attachment:scroll;background-repeat:no-repeat;mix-blend-mode:normal;}@media all and (max-width: 1024px){.kb-row-layout-id1398_4b2ee2-ed > .kt-row-column-wrap{grid-template-columns:minmax(0, 1fr);}}@media all and (max-width: 767px){.kb-row-layout-id1398_4b2ee2-ed > .kt-row-column-wrap{grid-template-columns:minmax(0, 1fr);}}<\/style><div class=\"kb-row-layout-wrap kb-row-layout-id1398_4b2ee2-ed alignnone kt-row-has-bg wp-block-kadence-rowlayout\"><div class=\"kt-row-layout-overlay kt-row-overlay-normal\"><\/div><div class=\"kt-row-column-wrap kt-has-1-columns kt-row-layout-equal kt-tab-layout-inherit kt-mobile-layout-row kt-row-valign-top\">\n<style>.kadence-column1398_87fb84-13 > .kt-inside-inner-col,.kadence-column1398_87fb84-13 > .kt-inside-inner-col:before{border-top-left-radius:0px;border-top-right-radius:0px;border-bottom-right-radius:0px;border-bottom-left-radius:0px;}.kadence-column1398_87fb84-13 > .kt-inside-inner-col{column-gap:var(--global-kb-gap-sm, 1rem);}.kadence-column1398_87fb84-13 > .kt-inside-inner-col{flex-direction:column;}.kadence-column1398_87fb84-13 > .kt-inside-inner-col > .aligncenter{width:100%;}.kadence-column1398_87fb84-13 > .kt-inside-inner-col:before{opacity:0.3;}.kadence-column1398_87fb84-13{position:relative;}@media all and (max-width: 1024px){.kadence-column1398_87fb84-13 > .kt-inside-inner-col{flex-direction:column;justify-content:center;}}@media all and (max-width: 767px){.kadence-column1398_87fb84-13 > .kt-inside-inner-col{flex-direction:column;justify-content:center;}}<\/style>\n<div class=\"wp-block-kadence-column kadence-column1398_87fb84-13\"><div class=\"kt-inside-inner-col\"><style>.wp-block-kadence-advancedheading.kt-adv-heading1398_fdab91-20, .wp-block-kadence-advancedheading.kt-adv-heading1398_fdab91-20[data-kb-block=\"kb-adv-heading1398_fdab91-20\"]{text-align:center;font-style:normal;}.wp-block-kadence-advancedheading.kt-adv-heading1398_fdab91-20 mark.kt-highlight, .wp-block-kadence-advancedheading.kt-adv-heading1398_fdab91-20[data-kb-block=\"kb-adv-heading1398_fdab91-20\"] mark.kt-highlight{font-style:normal;color:#f76a0c;-webkit-box-decoration-break:clone;box-decoration-break:clone;padding-top:0px;padding-right:0px;padding-bottom:0px;padding-left:0px;}<\/style>\n<h2 class=\"kt-adv-heading1398_fdab91-20 wp-block-kadence-advancedheading has-theme-palette-9-color has-text-color\" data-kb-block=\"kb-adv-heading1398_fdab91-20\">Wenecja, Rejs z Chorwacji do W\u0142och<\/h2>\n\n\n<style>.wp-block-kadence-advancedheading.kt-adv-heading1398_31ea06-9d, .wp-block-kadence-advancedheading.kt-adv-heading1398_31ea06-9d[data-kb-block=\"kb-adv-heading1398_31ea06-9d\"]{text-align:center;font-style:normal;}.wp-block-kadence-advancedheading.kt-adv-heading1398_31ea06-9d mark.kt-highlight, .wp-block-kadence-advancedheading.kt-adv-heading1398_31ea06-9d[data-kb-block=\"kb-adv-heading1398_31ea06-9d\"] mark.kt-highlight{font-style:normal;color:#f76a0c;-webkit-box-decoration-break:clone;box-decoration-break:clone;padding-top:0px;padding-right:0px;padding-bottom:0px;padding-left:0px;}<\/style>\n<p class=\"kt-adv-heading1398_31ea06-9d wp-block-kadence-advancedheading has-theme-palette-9-color has-text-color\" data-kb-block=\"kb-adv-heading1398_31ea06-9d\">Pop\u0142y\u0144 do Wenecji<\/p>\n<\/div><\/div>\n\n<\/div><\/div>\n\n<style>.kb-row-layout-id1398_56ccd4-a9 > .kt-row-column-wrap{align-content:center;}:where(.kb-row-layout-id1398_56ccd4-a9 > .kt-row-column-wrap) > .wp-block-kadence-column{justify-content:center;}.kb-row-layout-id1398_56ccd4-a9 > .kt-row-column-wrap{column-gap:var(--global-kb-gap-lg, 4rem);row-gap:var(--global-kb-gap-md, 2rem);max-width:var( --global-content-width, 1290px );padding-left:var(--global-content-edge-padding);padding-right:var(--global-content-edge-padding);padding-top:var(--global-kb-spacing-4xl, 8rem);padding-bottom:var(--global-kb-spacing-xxl, 5rem);grid-template-columns:minmax(0, calc(60% - ((var(--global-kb-gap-lg, 4rem) * 1 )\/2)))minmax(0, calc(40% - ((var(--global-kb-gap-lg, 4rem) * 1 )\/2)));}.kb-row-layout-id1398_56ccd4-a9 > .kt-row-layout-overlay{opacity:0.30;}@media all and (max-width: 1024px){.kb-row-layout-id1398_56ccd4-a9 > .kt-row-column-wrap{grid-template-columns:minmax(0, 1fr);}}@media all and (max-width: 767px){.kb-row-layout-id1398_56ccd4-a9 > .kt-row-column-wrap{grid-template-columns:minmax(0, 1fr);}}<\/style><div class=\"kb-row-layout-wrap kb-row-layout-id1398_56ccd4-a9 alignnone wp-block-kadence-rowlayout\"><div class=\"kt-row-column-wrap kt-has-2-columns kt-row-layout-equal kt-tab-layout-row kt-mobile-layout-row kt-row-valign-middle kb-theme-content-width\">\n<style>.kadence-column1398_bba923-30 > .kt-inside-inner-col,.kadence-column1398_bba923-30 > .kt-inside-inner-col:before{border-top-left-radius:0px;border-top-right-radius:0px;border-bottom-right-radius:0px;border-bottom-left-radius:0px;}.kadence-column1398_bba923-30 > .kt-inside-inner-col{column-gap:var(--global-kb-gap-sm, 1rem);}.kadence-column1398_bba923-30 > .kt-inside-inner-col{flex-direction:column;}.kadence-column1398_bba923-30 > .kt-inside-inner-col > .aligncenter{width:100%;}.kadence-column1398_bba923-30 > .kt-inside-inner-col:before{opacity:0.3;}.kadence-column1398_bba923-30{position:relative;}@media all and (max-width: 1024px){.kadence-column1398_bba923-30 > .kt-inside-inner-col{flex-direction:column;justify-content:center;}}@media all and (max-width: 767px){.kadence-column1398_bba923-30 > .kt-inside-inner-col{flex-direction:column;justify-content:center;}}<\/style>\n<div class=\"wp-block-kadence-column kadence-column1398_bba923-30\"><div class=\"kt-inside-inner-col\"><style>.kb-row-layout-id1398_1ca2ab-33 > .kt-row-column-wrap{align-content:start;}:where(.kb-row-layout-id1398_1ca2ab-33 > .kt-row-column-wrap) > .wp-block-kadence-column{justify-content:start;}.kb-row-layout-id1398_1ca2ab-33 > .kt-row-column-wrap{column-gap:var(--global-kb-gap-md, 2rem);row-gap:var(--global-kb-gap-md, 2rem);grid-template-columns:minmax(0, 2fr) minmax(0, 1fr);}.kb-row-layout-id1398_1ca2ab-33 > .kt-row-layout-overlay{opacity:0.30;}@media all and (max-width: 1024px){.kb-row-layout-id1398_1ca2ab-33 > .kt-row-column-wrap{grid-template-columns:minmax(0, 2fr) minmax(0, 1fr);}}@media all and (max-width: 767px){.kb-row-layout-wrap.wp-block-kadence-rowlayout.kb-row-layout-id1398_1ca2ab-33{margin-top:0px;margin-bottom:0px;}.kb-row-layout-id1398_1ca2ab-33 > .kt-row-column-wrap{padding-top:0px;padding-right:0px;padding-bottom:0px;padding-left:0px;grid-template-columns:minmax(0, 1fr);}.kb-row-layout-id1398_1ca2ab-33 > .kt-row-column-wrap > .wp-block-kadence-column:nth-of-type(1){order:2;}.kb-row-layout-id1398_1ca2ab-33 > .kt-row-column-wrap > .wp-block-kadence-column:nth-of-type(2){order:1;}.kb-row-layout-id1398_1ca2ab-33 > .kt-row-column-wrap > .wp-block-kadence-column:nth-of-type(3){order:12;}.kb-row-layout-id1398_1ca2ab-33 > .kt-row-column-wrap > .wp-block-kadence-column:nth-of-type(4){order:11;}.kb-row-layout-id1398_1ca2ab-33 > .kt-row-column-wrap > .wp-block-kadence-column:nth-of-type(5){order:22;}.kb-row-layout-id1398_1ca2ab-33 > .kt-row-column-wrap > .wp-block-kadence-column:nth-of-type(6){order:21;}.kb-row-layout-id1398_1ca2ab-33 > .kt-row-column-wrap > .wp-block-kadence-column:nth-of-type(7){order:32;}.kb-row-layout-id1398_1ca2ab-33 > .kt-row-column-wrap > .wp-block-kadence-column:nth-of-type(8){order:31;}}<\/style><div class=\"kb-row-layout-wrap kb-row-layout-id1398_1ca2ab-33 alignnone wp-block-kadence-rowlayout\"><div class=\"kt-row-column-wrap kt-has-2-columns kt-row-layout-left-golden kt-tab-layout-inherit kt-mobile-layout-row kt-row-valign-top\">\n<style>.kadence-column1398_8ac2b8-80 > .kt-inside-inner-col,.kadence-column1398_8ac2b8-80 > .kt-inside-inner-col:before{border-top-left-radius:0px;border-top-right-radius:0px;border-bottom-right-radius:0px;border-bottom-left-radius:0px;}.kadence-column1398_8ac2b8-80 > .kt-inside-inner-col{column-gap:var(--global-kb-gap-sm, 1rem);}.kadence-column1398_8ac2b8-80 > .kt-inside-inner-col{flex-direction:column;}.kadence-column1398_8ac2b8-80 > .kt-inside-inner-col > .aligncenter{width:100%;}.kadence-column1398_8ac2b8-80 > .kt-inside-inner-col:before{opacity:0.3;}.kadence-column1398_8ac2b8-80{position:relative;}.kadence-column1398_8ac2b8-80, .kt-inside-inner-col > .kadence-column1398_8ac2b8-80:not(.specificity){margin-bottom:-200px;margin-left:0px;}@media all and (max-width: 1024px){.kadence-column1398_8ac2b8-80 > .kt-inside-inner-col{flex-direction:column;justify-content:center;}}@media all and (max-width: 767px){.kadence-column1398_8ac2b8-80 > .kt-inside-inner-col{flex-direction:column;justify-content:center;}.kadence-column1398_8ac2b8-80, .kt-inside-inner-col > .kadence-column1398_8ac2b8-80:not(.specificity){margin-top:0px;margin-right:0px;margin-bottom:0px;margin-left:0px;}}<\/style>\n<div class=\"wp-block-kadence-column kadence-column1398_8ac2b8-80\"><div class=\"kt-inside-inner-col\"><\/div><\/div>\n\n\n<style>.kadence-column1398_72149d-e9 > .kt-inside-inner-col,.kadence-column1398_72149d-e9 > .kt-inside-inner-col:before{border-top-left-radius:0px;border-top-right-radius:0px;border-bottom-right-radius:0px;border-bottom-left-radius:0px;}.kadence-column1398_72149d-e9 > .kt-inside-inner-col{column-gap:var(--global-kb-gap-sm, 1rem);}.kadence-column1398_72149d-e9 > .kt-inside-inner-col{flex-direction:column;}.kadence-column1398_72149d-e9 > .kt-inside-inner-col > .aligncenter{width:100%;}.kadence-column1398_72149d-e9 > .kt-inside-inner-col:before{opacity:0.3;}.kadence-column1398_72149d-e9{position:relative;}@media all and (max-width: 1024px){.kadence-column1398_72149d-e9 > .kt-inside-inner-col{flex-direction:column;justify-content:center;}}@media all and (max-width: 767px){.kadence-column1398_72149d-e9 > .kt-inside-inner-col{flex-direction:column;justify-content:center;}}<\/style>\n<div class=\"wp-block-kadence-column kadence-column1398_72149d-e9 kvs-sm-false\"><div class=\"kt-inside-inner-col\"><\/div><\/div>\n\n<\/div><\/div>\n\n<style>.wp-block-kadence-image.kb-image1398_48dc9f-ca:not(.kb-specificity-added):not(.kb-extra-specificity-added){margin-top:-110px;margin-left:40px;}.kb-image1398_48dc9f-ca .kb-image-has-overlay:after{opacity:0.3;border-top-left-radius:10px;border-top-right-radius:10px;border-bottom-right-radius:10px;border-bottom-left-radius:10px;}.kb-image1398_48dc9f-ca img.kb-img, .kb-image1398_48dc9f-ca .kb-img img{border-top-left-radius:10px;border-top-right-radius:10px;border-bottom-right-radius:10px;border-bottom-left-radius:10px;}@media all and (max-width: 767px){.wp-block-kadence-image.kb-image1398_48dc9f-ca:not(.kb-specificity-added):not(.kb-extra-specificity-added){margin-top:0px;margin-right:0px;margin-bottom:0px;margin-left:0px;}}<\/style>\n<figure class=\"wp-block-kadence-image kb-image1398_48dc9f-ca size-full kb-image-is-ratio-size\"><div class=\"kb-is-ratio-image kb-image-ratio-land32\"><img fetchpriority=\"high\" decoding=\"async\" width=\"1000\" height=\"700\" src=\"https:\/\/summerdreamsailing.pl\/wp-content\/uploads\/2024\/02\/helm_station_01_iStock_opt1000x700.jpg\" alt=\"Helm station\" class=\"kb-img wp-image-1355\" srcset=\"https:\/\/summerdreamsailing.pl\/wp-content\/uploads\/2024\/02\/helm_station_01_iStock_opt1000x700.jpg 1000w, https:\/\/summerdreamsailing.pl\/wp-content\/uploads\/2024\/02\/helm_station_01_iStock_opt1000x700-300x210.jpg 300w, https:\/\/summerdreamsailing.pl\/wp-content\/uploads\/2024\/02\/helm_station_01_iStock_opt1000x700-768x538.jpg 768w\" sizes=\"(max-width: 1000px) 100vw, 1000px\" \/><\/div><\/figure>\n<\/div><\/div>\n\n\n<style>.kadence-column1398_f72701-6e > .kt-inside-inner-col,.kadence-column1398_f72701-6e > .kt-inside-inner-col:before{border-top-left-radius:0px;border-top-right-radius:0px;border-bottom-right-radius:0px;border-bottom-left-radius:0px;}.kadence-column1398_f72701-6e > .kt-inside-inner-col{column-gap:var(--global-kb-gap-sm, 1rem);}.kadence-column1398_f72701-6e > .kt-inside-inner-col{flex-direction:column;}.kadence-column1398_f72701-6e > .kt-inside-inner-col > .aligncenter{width:100%;}.kadence-column1398_f72701-6e > .kt-inside-inner-col:before{opacity:0.3;}.kadence-column1398_f72701-6e{position:relative;}@media all and (max-width: 1024px){.kadence-column1398_f72701-6e > .kt-inside-inner-col{flex-direction:column;justify-content:center;}}@media all and (max-width: 767px){.kadence-column1398_f72701-6e > .kt-inside-inner-col{flex-direction:column;justify-content:center;}}<\/style>\n<div class=\"wp-block-kadence-column kadence-column1398_f72701-6e\"><div class=\"kt-inside-inner-col\"><style>.wp-block-kadence-advancedheading.kt-adv-heading1398_e5a7d1-af, .wp-block-kadence-advancedheading.kt-adv-heading1398_e5a7d1-af[data-kb-block=\"kb-adv-heading1398_e5a7d1-af\"]{text-align:left;font-style:normal;}.wp-block-kadence-advancedheading.kt-adv-heading1398_e5a7d1-af mark.kt-highlight, .wp-block-kadence-advancedheading.kt-adv-heading1398_e5a7d1-af[data-kb-block=\"kb-adv-heading1398_e5a7d1-af\"] mark.kt-highlight{font-style:normal;color:#f76a0c;-webkit-box-decoration-break:clone;box-decoration-break:clone;padding-top:0px;padding-right:0px;padding-bottom:0px;padding-left:0px;}@media all and (max-width: 767px){.wp-block-kadence-advancedheading.kt-adv-heading1398_e5a7d1-af, .wp-block-kadence-advancedheading.kt-adv-heading1398_e5a7d1-af[data-kb-block=\"kb-adv-heading1398_e5a7d1-af\"]{font-size:var(--global-kb-font-size-lg, 2rem);}}<\/style>\n<h2 class=\"kt-adv-heading1398_e5a7d1-af wp-block-kadence-advancedheading has-theme-palette-3-color has-text-color\" data-kb-block=\"kb-adv-heading1398_e5a7d1-af\">Strona w budowie<\/h2>\n\n\n<style>.wp-block-kadence-advancedheading.kt-adv-heading1398_e55093-93, .wp-block-kadence-advancedheading.kt-adv-heading1398_e55093-93[data-kb-block=\"kb-adv-heading1398_e55093-93\"]{font-style:normal;}.wp-block-kadence-advancedheading.kt-adv-heading1398_e55093-93 mark.kt-highlight, .wp-block-kadence-advancedheading.kt-adv-heading1398_e55093-93[data-kb-block=\"kb-adv-heading1398_e55093-93\"] mark.kt-highlight{font-style:normal;color:#f76a0c;-webkit-box-decoration-break:clone;box-decoration-break:clone;padding-top:0px;padding-right:0px;padding-bottom:0px;padding-left:0px;}<\/style>\n<p class=\"kt-adv-heading1398_e55093-93 wp-block-kadence-advancedheading\" data-kb-block=\"kb-adv-heading1398_e55093-93\">Wkr\u00f3tce uzupe\u0142nimy t\u0105 stron\u0119 dla Ciebie<\/p>\n<\/div><\/div>\n\n<\/div><\/div>\n\n<style>.kb-row-layout-id1398_bea13c-47 > .kt-row-column-wrap{align-content:start;}:where(.kb-row-layout-id1398_bea13c-47 > .kt-row-column-wrap) > .wp-block-kadence-column{justify-content:start;}.kb-row-layout-id1398_bea13c-47 > .kt-row-column-wrap{column-gap:var(--global-kb-gap-md, 2rem);row-gap:var(--global-kb-gap-md, 2rem);padding-top:var(--global-kb-spacing-5xl, 10rem);padding-bottom:var(--global-kb-spacing-5xl, 10rem);grid-template-columns:minmax(0, 1fr);}.kb-row-layout-id1398_bea13c-47{background-image:url('https:\/\/summerdreamsailing.pl\/wp-content\/uploads\/2024\/03\/azure_bay_palm_tree_01_depo_opt_mid.jpg');background-size:cover;background-position:center center;background-attachment:scroll;background-repeat:no-repeat;}.kb-row-layout-id1398_bea13c-47 > .kt-row-layout-overlay{opacity:1;background-image:url('https:\/\/summerdreamsailing.pl\/wp-content\/uploads\/2024\/03\/ocean_wave_01_transparent_wave_up.png');background-size:contain;background-position:50% 0%;background-attachment:scroll;background-repeat:no-repeat;}@media all and (max-width: 1024px){.kb-row-layout-id1398_bea13c-47 > .kt-row-column-wrap{grid-template-columns:minmax(0, 1fr);}}@media all and (max-width: 767px){.kb-row-layout-id1398_bea13c-47 > .kt-row-column-wrap{grid-template-columns:minmax(0, 1fr);}}<\/style><div class=\"kb-row-layout-wrap kb-row-layout-id1398_bea13c-47 alignnone kt-row-has-bg wp-block-kadence-rowlayout\"><div class=\"kt-row-layout-overlay kt-row-overlay-normal\"><\/div><div class=\"kt-row-column-wrap kt-has-1-columns kt-row-layout-equal kt-tab-layout-inherit kt-mobile-layout-row kt-row-valign-top\">\n<style>.kadence-column1398_38658e-1b > .kt-inside-inner-col,.kadence-column1398_38658e-1b > .kt-inside-inner-col:before{border-top-left-radius:0px;border-top-right-radius:0px;border-bottom-right-radius:0px;border-bottom-left-radius:0px;}.kadence-column1398_38658e-1b > .kt-inside-inner-col{column-gap:var(--global-kb-gap-sm, 1rem);}.kadence-column1398_38658e-1b > .kt-inside-inner-col{flex-direction:column;}.kadence-column1398_38658e-1b > .kt-inside-inner-col > .aligncenter{width:100%;}.kadence-column1398_38658e-1b > .kt-inside-inner-col:before{opacity:0.3;}.kadence-column1398_38658e-1b{position:relative;}@media all and (max-width: 1024px){.kadence-column1398_38658e-1b > .kt-inside-inner-col{flex-direction:column;justify-content:center;}}@media all and (max-width: 767px){.kadence-column1398_38658e-1b > .kt-inside-inner-col{flex-direction:column;justify-content:center;}}<\/style>\n<div class=\"wp-block-kadence-column kadence-column1398_38658e-1b\"><div class=\"kt-inside-inner-col\"><\/div><\/div>\n\n<\/div><\/div>","protected":false},"excerpt":{"rendered":"<p>Wenecja, Rejs z Chorwacji do W\u0142och Pop\u0142y\u0144 do Wenecji Strona w budowie Wkr\u00f3tce uzupe\u0142nimy t\u0105 stron\u0119 dla Ciebie<\/p>\n","protected":false},"author":3,"featured_media":0,"parent":0,"menu_order":0,"comment_status":"closed","ping_status":"closed","template":"","meta":{"_EventAllDay":false,"_EventTimezone":"","_EventStartDate":"","_EventEndDate":"","_EventStartDateUTC":"","_EventEndDateUTC":"","_EventShowMap":false,"_EventShowMapLink":false,"_EventURL":"","_EventCost":"","_EventCostDescription":"","_EventCurrencySymbol":"","_EventCurrencyCode":"","_EventCurrencyPosition":"","_EventDateTimeSeparator":"","_EventTimeRangeSeparator":"","_EventOrganizerID":[],"_EventVenueID":[],"_OrganizerEmail":"","_OrganizerPhone":"","_OrganizerWebsite":"","_VenueAddress":"","_VenueCity":"","_VenueCountry":"","_VenueProvince":"","_VenueState":"","_VenueZip":"","_VenuePhone":"","_VenueURL":"","_VenueStateProvince":"","_VenueLat":"","_VenueLng":"","_VenueShowMap":false,"_VenueShowMapLink":false,"_kadence_starter_templates_imported_post":false,"_kad_post_transparent":"","_kad_post_title":"","_kad_post_layout":"","_kad_post_sidebar_id":"","_kad_post_content_style":"","_kad_post_vertical_padding":"","_kad_post_feature":"","_kad_post_feature_position":"","_kad_post_header":false,"_kad_post_footer":true,"_kad_post_classname":"","footnotes":""},"_links":{"self":[{"href":"https:\/\/summerdreamsailing.pl\/index.php\/wp-json\/wp\/v2\/pages\/1398"}],"collection":[{"href":"https:\/\/summerdreamsailing.pl\/index.php\/wp-json\/wp\/v2\/pages"}],"about":[{"href":"https:\/\/summerdreamsailing.pl\/index.php\/wp-json\/wp\/v2\/types\/page"}],"author":[{"embeddable":true,"href":"https:\/\/summerdreamsailing.pl\/index.php\/wp-json\/wp\/v2\/users\/3"}],"replies":[{"embeddable":true,"href":"https:\/\/summerdreamsailing.pl\/index.php\/wp-json\/wp\/v2\/comments?post=1398"}],"version-history":[{"count":2,"href":"https:\/\/summerdreamsailing.pl\/index.php\/wp-json\/wp\/v2\/pages\/1398\/revisions"}],"predecessor-version":[{"id":1568,"href":"https:\/\/summerdreamsailing.pl\/index.php\/wp-json\/wp\/v2\/pages\/1398\/revisions\/1568"}],"wp:attachment":[{"href":"https:\/\/summerdreamsailing.pl\/index.php\/wp-json\/wp\/v2\/media?parent=1398"}],"curies":[{"name":"wp","href":"https:\/\/api.w.org\/{rel}","templated":true}]}}